{"id":24285,"date":"2021-01-10T23:08:38","date_gmt":"2021-01-10T23:08:38","guid":{"rendered":"http:\/\/wohnen-im-bulli.de\/?page_id=24285"},"modified":"2021-01-26T10:50:44","modified_gmt":"2021-01-26T10:50:44","slug":"24285-2","status":"publish","type":"page","link":"http:\/\/wohnen-im-bulli.de\/","title":{"rendered":"Urlaubsreif"},"content":{"rendered":"<p>[et_pb_section fb_built=&#8220;1&#8243; custom_padding_last_edited=&#8220;on|phone&#8220; _builder_version=&#8220;4.7.7&#8243; background_color=&#8220;#f1eeed&#8220; custom_margin=&#8220;0px||||false|false&#8220; custom_padding=&#8220;0px||||false|false&#8220; custom_padding_tablet=&#8220;&#8220; custom_padding_phone=&#8220;||10px||false|false&#8220;][et_pb_row _builder_version=&#8220;4.4.8&#8243; positioning=&#8220;none&#8220; z_index=&#8220;500&#8243; custom_margin=&#8220;||||false|false&#8220; custom_padding=&#8220;0px||0px||false|false&#8220;][et_pb_column type=&#8220;4_4&#8243; _builder_version=&#8220;4.4.8&#8243;][et_pb_text _builder_version=&#8220;4.7.7&#8243; text_font=&#8220;walkway black|||on|||||&#8220; text_font_size=&#8220;40px&#8220; text_letter_spacing=&#8220;5px&#8220; background_color=&#8220;#f1eeed&#8220; transform_translate=&#8220;0px|47px&#8220; position_origin_f=&#8220;top_center&#8220; z_index=&#8220;9999999&#8243; text_orientation=&#8220;center&#8220; width=&#8220;36%&#8220; width_tablet=&#8220;&#8220; width_phone=&#8220;90%&#8220; width_last_edited=&#8220;on|phone&#8220; module_alignment=&#8220;center&#8220; custom_margin=&#8220;||||false|false&#8220; custom_padding=&#8220;20px|20px|20px|20px|true|true&#8220; custom_padding_tablet=&#8220;&#8220; custom_padding_phone=&#8220;5px|10px|5px|10px|true|true&#8220; custom_padding_last_edited=&#8220;on|phone&#8220; text_text_color_tablet=&#8220;&#8220; text_text_color_phone=&#8220;#f1eeed&#8220; text_text_color_last_edited=&#8220;on|phone&#8220; text_font_size_tablet=&#8220;&#8220; text_font_size_phone=&#8220;26px&#8220; text_font_size_last_edited=&#8220;on|phone&#8220; background_last_edited=&#8220;on|phone&#8220; background_enable_color_phone=&#8220;off&#8220;]<\/p>\n<p>Urlaubsreif?<\/p>\n<p>[\/et_pb_text][\/et_pb_column][\/et_pb_row][et_pb_row _builder_version=&#8220;4.4.8&#8243; background_color=&#8220;#98b912&#8243;][et_pb_column type=&#8220;4_4&#8243; _builder_version=&#8220;4.4.8&#8243;][et_pb_image src=&#8220;http:\/\/wohnen-im-bulli.de\/wp-content\/uploads\/2021\/01\/Bulli-Ansicht-1.png&#8220; title_text=&#8220;Bulli Ansicht 1&#8243; align=&#8220;center&#8220; _builder_version=&#8220;4.4.8&#8243; custom_margin=&#8220;20px||0px||false|false&#8220; custom_padding=&#8220;||||false|false&#8220;][\/et_pb_image][et_pb_text _builder_version=&#8220;4.7.7&#8243; text_font=&#8220;Blumenthal Font||||||||&#8220; text_text_color=&#8220;#ffffff&#8220; text_font_size=&#8220;30px&#8220; position_origin_a=&#8220;bottom_right&#8220; position_origin_f=&#8220;bottom_center&#8220; position_origin_r=&#8220;bottom_right&#8220; text_orientation=&#8220;right&#8220; width=&#8220;100%&#8220; custom_margin=&#8220;-68px|||-92px|false|false&#8220; custom_margin_tablet=&#8220;&#8220; custom_margin_phone=&#8220;-29px|||-7px|false|false&#8220; custom_margin_last_edited=&#8220;on|phone&#8220; text_font_size_tablet=&#8220;&#8220; text_font_size_phone=&#8220;9px&#8220; text_font_size_last_edited=&#8220;on|phone&#8220;]<\/p>\n<p>Willkommen zu Hause<\/p>\n<p>[\/et_pb_text][\/et_pb_column][\/et_pb_row][et_pb_row column_structure=&#8220;1_3,2_3&#8243; custom_padding_last_edited=&#8220;on|phone&#8220; _builder_version=&#8220;4.7.7&#8243; background_color=&#8220;#98b912&#8243; custom_margin=&#8220;||||false|false&#8220; custom_padding=&#8220;14px||0px||false|false&#8220; custom_padding_tablet=&#8220;&#8220; custom_padding_phone=&#8220;0px||0px||false|false&#8220;][et_pb_column type=&#8220;1_3&#8243; _builder_version=&#8220;4.4.8&#8243;][et_pb_image src=&#8220;http:\/\/wohnen-im-bulli.de\/wp-content\/uploads\/2021\/01\/Blumenthal-Logo-2.png&#8220; title_text=&#8220;Blumenthal-Logo-2&#8243; align_tablet=&#8220;&#8220; align_phone=&#8220;center&#8220; align_last_edited=&#8220;on|phone&#8220; _builder_version=&#8220;4.7.7&#8243; width_tablet=&#8220;&#8220; width_phone=&#8220;60%&#8220; width_last_edited=&#8220;on|phone&#8220; custom_margin=&#8220;||||false|false&#8220; custom_padding=&#8220;0px||0px|20px|false|false&#8220; custom_padding_tablet=&#8220;&#8220; custom_padding_phone=&#8220;0px||0px|0px|false|false&#8220; custom_padding_last_edited=&#8220;on|phone&#8220;][\/et_pb_image][\/et_pb_column][et_pb_column type=&#8220;2_3&#8243; _builder_version=&#8220;4.4.8&#8243;][et_pb_text _builder_version=&#8220;4.7.7&#8243; text_font=&#8220;walkway black||||||||&#8220; text_text_color=&#8220;#ffffff&#8220; text_font_size=&#8220;21px&#8220; text_letter_spacing=&#8220;3px&#8220; text_orientation=&#8220;right&#8220; custom_padding=&#8220;15px|43px|||false|false&#8220; custom_padding_tablet=&#8220;&#8220; custom_padding_phone=&#8220;0px|5px|10px|5px|false|true&#8220; custom_padding_last_edited=&#8220;on|phone&#8220; text_font_size_tablet=&#8220;&#8220; text_font_size_phone=&#8220;16px&#8220; text_font_size_last_edited=&#8220;on|phone&#8220; text_orientation_tablet=&#8220;&#8220; text_orientation_phone=&#8220;center&#8220; text_orientation_last_edited=&#8220;on|phone&#8220;]<\/p>\n<p>Empfehlen Sie uns gern weiter &amp; wir schicken Sie als Dankesch\u00f6n in den Urlaub!<\/p>\n<p>[\/et_pb_text][\/et_pb_column][\/et_pb_row][\/et_pb_section][et_pb_section fb_built=&#8220;1&#8243; specialty=&#8220;on&#8220; custom_padding_last_edited=&#8220;on|phone&#8220; _builder_version=&#8220;4.7.7&#8243; use_background_color_gradient=&#8220;on&#8220; background_color_gradient_start=&#8220;#f1eeed&#8220; background_color_gradient_end=&#8220;#ffffff&#8220; background_color_gradient_overlays_image=&#8220;on&#8220; background_enable_image=&#8220;off&#8220; custom_padding=&#8220;34px||0px||false|false&#8220; custom_padding_tablet=&#8220;&#8220; custom_padding_phone=&#8220;0px||0px||false|false&#8220;][et_pb_column type=&#8220;1_2&#8243; specialty_columns=&#8220;2&#8243; _builder_version=&#8220;3.25&#8243; custom_padding=&#8220;|||&#8220; parallax__hover=&#8220;off&#8220; parallax_method__hover=&#8220;on&#8220; custom_padding__hover=&#8220;|||&#8220;][et_pb_row_inner custom_padding_last_edited=&#8220;on|phone&#8220; _builder_version=&#8220;4.7.7&#8243; custom_padding=&#8220;45px|0px|30.2344px|0px|false|false&#8220; custom_padding_tablet=&#8220;&#8220; custom_padding_phone=&#8220;30px|0px|30.2344px|0px|false|false&#8220; animation_style=&#8220;slide&#8220; animation_direction=&#8220;left&#8220; animation_duration=&#8220;1350ms&#8220; animation_delay=&#8220;500ms&#8220;][et_pb_column_inner saved_specialty_column_type=&#8220;1_2&#8243; _builder_version=&#8220;3.25&#8243; custom_padding=&#8220;|||&#8220; parallax__hover=&#8220;off&#8220; parallax_method__hover=&#8220;on&#8220; custom_padding__hover=&#8220;|||&#8220;][et_pb_text content_tablet=&#8220;&#8220; content_phone=&#8220;<\/p>\n<h2>Wohnen einmal anders. Im Bulli.<br \/>\nF\u00fcr Die %22Aus%22Zeit Zwischendurch.<\/h2>\n<p>?<\/p>\n<p>F\u00fcr eine entspannte Auszeit einfach mal einsteigen und losfahren. Unser Bulli bietet fast alles, was man in jedem guten Hotel erwarten darf. Nur das man direkt da wohnt, wo man will!&#8220; content_last_edited=&#8220;on|phone&#8220; _builder_version=&#8220;4.7.7&#8243; text_font=&#8220;walkway black||||||||&#8220; text_text_color=&#8220;#798081&#8243; text_font_size=&#8220;16px&#8220; text_letter_spacing=&#8220;3px&#8220; text_line_height=&#8220;1.1em&#8220; header_font=&#8220;walkway black|300||on|||||&#8220; header_text_color=&#8220;#000000&#8243; header_font_size=&#8220;50px&#8220; header_line_height=&#8220;1.1em&#8220; header_2_font=&#8220;walkway black|300||on|||||&#8220; header_2_text_color=&#8220;#798081&#8243; header_2_font_size=&#8220;28px&#8220; header_2_letter_spacing=&#8220;3px&#8220; header_2_line_height=&#8220;1.1em&#8220; text_line_height_tablet=&#8220;&#8220; text_line_height_phone=&#8220;1.3em&#8220; text_line_height_last_edited=&#8220;on|phone&#8220; header_font_size_tablet=&#8220;&#8220; header_font_size_phone=&#8220;35px&#8220; header_font_size_last_edited=&#8220;on|desktop&#8220; header_2_text_align_tablet=&#8220;&#8220; header_2_text_align_phone=&#8220;center&#8220; header_2_text_align_last_edited=&#8220;on|phone&#8220; header_2_font_size_tablet=&#8220;&#8220; header_2_font_size_phone=&#8220;19px&#8220; header_2_font_size_last_edited=&#8220;on|phone&#8220; header_2_letter_spacing_tablet=&#8220;&#8220; header_2_letter_spacing_phone=&#8220;2px&#8220; header_2_letter_spacing_last_edited=&#8220;on|phone&#8220; text_orientation_tablet=&#8220;&#8220; text_orientation_phone=&#8220;center&#8220; text_orientation_last_edited=&#8220;on|phone&#8220;]<\/p>\n<h2>Wohnen einmal anders.<br \/> Im Bulli. F\u00fcr Die &#8222;Aus&#8220;Zeit Zwischendurch.<\/h2>\n<p>F\u00fcr eine entspannte Auszeit einfach mal einsteigen und losfahren. Unser Bulli bietet fast alles, was man in jedem guten Hotel erwarten darf. Nur das man direkt da wohnt, wo man will!<\/p>\n<p>[\/et_pb_text][\/et_pb_column_inner][\/et_pb_row_inner][\/et_pb_column][et_pb_column type=&#8220;1_2&#8243; _builder_version=&#8220;3.25&#8243; custom_padding=&#8220;|||&#8220; parallax__hover=&#8220;off&#8220; parallax_method__hover=&#8220;on&#8220; custom_padding__hover=&#8220;|||&#8220;][et_pb_image src=&#8220;http:\/\/wohnen-im-bulli.de\/wp-content\/uploads\/2021\/01\/Design-ohne-Titel-30.png&#8220; title_text=&#8220;Design ohne Titel (30)&#8220; align=&#8220;right&#8220; align_tablet=&#8220;center&#8220; align_phone=&#8220;&#8220; align_last_edited=&#8220;on|desktop&#8220; _builder_version=&#8220;4.7.7&#8243; custom_padding=&#8220;17px||&#8220; animation_style=&#8220;slide&#8220; animation_direction=&#8220;right&#8220; animation_duration=&#8220;1500ms&#8220; animation_delay=&#8220;500ms&#8220; scroll_horizontal_motion=&#8220;0|50|50|100|4|0|0&#8243; hover_enabled=&#8220;0&#8243; sticky_enabled=&#8220;0&#8243;][\/et_pb_image][\/et_pb_column][\/et_pb_section][et_pb_section fb_built=&#8220;1&#8243; inner_shadow=&#8220;on&#8220; _builder_version=&#8220;4.7.7&#8243; background_color=&#8220;#ededed&#8220; background_image=&#8220;https:\/\/play.divi.express\/wp-content\/uploads\/2019\/03\/surf-club3-27.jpg&#8220; parallax=&#8220;on&#8220; parallax_method=&#8220;off&#8220; position_origin_a_tablet=&#8220;&#8220; position_origin_a_phone=&#8220;&#8220; position_origin_a_last_edited=&#8220;on|phone&#8220; position_origin_f_tablet=&#8220;&#8220; position_origin_f_phone=&#8220;&#8220; position_origin_f_last_edited=&#8220;on|phone&#8220; position_origin_r_tablet=&#8220;&#8220; position_origin_r_phone=&#8220;&#8220; position_origin_r_last_edited=&#8220;on|phone&#8220; custom_padding=&#8220;0px|0px|0px|0px|false|false&#8220; positioning_tablet=&#8220;&#8220; positioning_phone=&#8220;none&#8220; positioning_last_edited=&#8220;on|phone&#8220;][et_pb_row use_custom_gutter=&#8220;on&#8220; gutter_width=&#8220;1&#8243; module_class=&#8220; et_pb_row_fullwidth&#8220; _builder_version=&#8220;3.25&#8243; width=&#8220;100%&#8220; width_tablet=&#8220;100%&#8220; width_phone=&#8220;&#8220; width_last_edited=&#8220;on|desktop&#8220; max_width=&#8220;100%&#8220; max_width_tablet=&#8220;100%&#8220; max_width_phone=&#8220;&#8220; max_width_last_edited=&#8220;on|desktop&#8220; custom_padding=&#8220;0|0px|27px|0px|false|false&#8220; make_fullwidth=&#8220;on&#8220;][et_pb_column type=&#8220;4_4&#8243; _builder_version=&#8220;3.25&#8243; custom_padding=&#8220;|||&#8220; custom_padding__hover=&#8220;|||&#8220;][et_pb_image src=&#8220;https:\/\/play.divi.express\/wp-content\/uploads\/2019\/03\/pollyhs2.png&#8220; align=&#8220;center&#8220; align_tablet=&#8220;center&#8220; align_phone=&#8220;&#8220; align_last_edited=&#8220;on|desktop&#8220; _builder_version=&#8220;3.23&#8243;][\/et_pb_image][\/et_pb_column][\/et_pb_row][et_pb_row make_equal=&#8220;on&#8220; custom_padding_last_edited=&#8220;on|phone&#8220; _builder_version=&#8220;4.7.7&#8243; background_enable_color=&#8220;off&#8220; custom_padding_tablet=&#8220;&#8220; custom_padding_phone=&#8220;5px||5px||true|false&#8220;][et_pb_column type=&#8220;4_4&#8243; _builder_version=&#8220;4.4.8&#8243;][et_pb_text content_tablet=&#8220;&#8220; content_phone=&#8220;<\/p>\n<p>Wir sagen<br \/> Danke!<\/p>\n<p>&#8220; content_last_edited=&#8220;on|phone&#8220; _builder_version=&#8220;4.7.7&#8243; text_font=&#8220;walkway black|||on|||||&#8220; text_text_color=&#8220;#ffffff&#8220; text_font_size=&#8220;80px&#8220; text_letter_spacing=&#8220;5px&#8220; background_color=&#8220;rgba(0,0,0,0)&#8220; position_origin_f=&#8220;top_center&#8220; text_orientation=&#8220;center&#8220; max_height_tablet=&#8220;&#8220; max_height_phone=&#8220;&#8220; max_height_last_edited=&#8220;on|phone&#8220; custom_margin=&#8220;||||false|false&#8220; custom_padding=&#8220;20px|20px|20px|20px|true|true&#8220; custom_padding_tablet=&#8220;&#8220; custom_padding_phone=&#8220;0px|20px|0px|20px|false|true&#8220; custom_padding_last_edited=&#8220;on|phone&#8220; text_font_size_tablet=&#8220;&#8220; text_font_size_phone=&#8220;60px&#8220; text_font_size_last_edited=&#8220;on|phone&#8220; text_line_height_tablet=&#8220;&#8220; text_line_height_phone=&#8220;1.1em&#8220; text_line_height_last_edited=&#8220;on|phone&#8220;]<\/p>\n<p>Wir sagen Danke!<\/p>\n<p>[\/et_pb_text][\/et_pb_column][\/et_pb_row][et_pb_row use_custom_gutter=&#8220;on&#8220; gutter_width=&#8220;1&#8243; module_class=&#8220; et_pb_row_fullwidth&#8220; _builder_version=&#8220;3.25&#8243; width=&#8220;100%&#8220; width_tablet=&#8220;100%&#8220; width_phone=&#8220;&#8220; width_last_edited=&#8220;on|desktop&#8220; max_width=&#8220;100%&#8220; max_width_tablet=&#8220;100%&#8220; max_width_phone=&#8220;&#8220; max_width_last_edited=&#8220;on|desktop&#8220; custom_padding=&#8220;0|0px|0|0px|false|false&#8220; make_fullwidth=&#8220;on&#8220;][et_pb_column type=&#8220;4_4&#8243; _builder_version=&#8220;3.25&#8243; custom_padding=&#8220;|||&#8220; custom_padding__hover=&#8220;|||&#8220;][et_pb_image src=&#8220;https:\/\/play.divi.express\/wp-content\/uploads\/2019\/03\/pollyhs1.png&#8220; align=&#8220;center&#8220; align_tablet=&#8220;center&#8220; align_phone=&#8220;&#8220; align_last_edited=&#8220;on|desktop&#8220; _builder_version=&#8220;3.23&#8243; custom_padding=&#8220;60px|||||&#8220;][\/et_pb_image][\/et_pb_column][\/et_pb_row][\/et_pb_section][et_pb_section fb_built=&#8220;1&#8243; _builder_version=&#8220;3.22&#8243; custom_padding=&#8220;9px|0px|50px|0px|false|false&#8220;][et_pb_row _builder_version=&#8220;4.4.8&#8243; background_color=&#8220;#98b912&#8243; custom_margin=&#8220;||||false|true&#8220; custom_padding=&#8220;20px||20px||true|true&#8220; animation_style=&#8220;slide&#8220; animation_direction=&#8220;left&#8220; animation_duration=&#8220;1350ms&#8220; animation_delay=&#8220;500ms&#8220;][et_pb_column type=&#8220;4_4&#8243; _builder_version=&#8220;3.25&#8243; custom_padding=&#8220;|||&#8220; custom_padding__hover=&#8220;|||&#8220;][et_pb_text _builder_version=&#8220;4.7.7&#8243; text_font=&#8220;walkway black||||||||&#8220; text_text_color=&#8220;#ffffff&#8220; text_font_size=&#8220;27px&#8220; text_letter_spacing=&#8220;3px&#8220; text_orientation=&#8220;center&#8220; text_font_size_tablet=&#8220;&#8220; text_font_size_phone=&#8220;20px&#8220; text_font_size_last_edited=&#8220;on|phone&#8220;]<\/p>\n<p>Sie m\u00f6chten ihre Immobilie verkaufen? Vielleicht kennen Sie Jemanden, der sein(e) Haus\/Wohnung verkaufen m\u00f6chte?<\/p>\n<p>[\/et_pb_text][et_pb_text _builder_version=&#8220;4.7.7&#8243; text_font=&#8220;walkway black||||||||&#8220; text_text_color=&#8220;#ffffff&#8220; text_font_size=&#8220;50px&#8220; text_letter_spacing=&#8220;3px&#8220; text_line_height=&#8220;1.8em&#8220; header_font=&#8220;Teko|500||on|||||&#8220; header_text_align=&#8220;center&#8220; header_text_color=&#8220;#026def&#8220; header_font_size=&#8220;50px&#8220; header_line_height=&#8220;1.1em&#8220; background_enable_color=&#8220;off&#8220; text_orientation=&#8220;center&#8220; max_width=&#8220;53%&#8220; max_width_tablet=&#8220;&#8220; max_width_phone=&#8220;98%&#8220; max_width_last_edited=&#8220;on|phone&#8220; module_alignment=&#8220;center&#8220; custom_padding=&#8220;||5px||false|false&#8220; text_line_height_tablet=&#8220;&#8220; text_line_height_phone=&#8220;1.1em&#8220; text_line_height_last_edited=&#8220;on|phone&#8220; border_color_all=&#8220;#ffffff&#8220;]<\/p>\n<p>Sagen Sie es uns<\/p>\n<p>[\/et_pb_text][et_pb_text _builder_version=&#8220;4.7.7&#8243; text_font=&#8220;walkway black||||||||&#8220; text_text_color=&#8220;#ffffff&#8220; text_font_size=&#8220;16px&#8220; text_letter_spacing=&#8220;2px&#8220; text_line_height=&#8220;1.4em&#8220; header_font=&#8220;Teko|500||on|||||&#8220; header_text_align=&#8220;center&#8220; header_text_color=&#8220;#026def&#8220; header_font_size=&#8220;50px&#8220; header_line_height=&#8220;1.1em&#8220; background_enable_color=&#8220;off&#8220; max_width=&#8220;53%&#8220; max_width_tablet=&#8220;&#8220; max_width_phone=&#8220;98%&#8220; max_width_last_edited=&#8220;on|phone&#8220; module_alignment=&#8220;center&#8220; custom_margin=&#8220;||||false|true&#8220; custom_padding=&#8220;10px|15px|10px|15px|true|false&#8220; text_font_size_tablet=&#8220;&#8220; text_font_size_phone=&#8220;14px&#8220; text_font_size_last_edited=&#8220;on|phone&#8220; border_width_all=&#8220;2px&#8220; border_color_all=&#8220;#ffffff&#8220;]Tippgeber erhalten im Erfolgsfall nach Verkauf (notarieller Beurkundungdes Objektes) eine Woche Urlaub mit unserem Bulli, wenn uns ein Verkaufsobjekt, Verk\u00e4ufer oder K\u00e4ufer schriftlich benannt wird und es zum Abschluss kommt. Tippgeber sowie Kontaktdaten des Verk\u00e4ufers\/K\u00e4ufers, sowie Angaben zum Objekt werden ben\u00f6tigt. M\u00f6chten Sie uns ein Objekt benennen, so freuen wir uns auf Ihren Anruf oder senden Sie uns eine E-Mail!<\/p>\n<p>Empfehlen Sie uns weiter und genie\u00dfen Sie eine Woche vanlife![\/et_pb_text][\/et_pb_column][\/et_pb_row][et_pb_row column_structure=&#8220;1_2,1_2&#8243; _builder_version=&#8220;4.7.7&#8243; background_color=&#8220;#98b912&#8243;][et_pb_column type=&#8220;1_2&#8243; _builder_version=&#8220;4.4.8&#8243;][et_pb_button button_url=&#8220;tel:052196784994&#8243; button_text=&#8220;Jetzt Anrufen&#8220; button_alignment=&#8220;right&#8220; button_alignment_tablet=&#8220;&#8220; button_alignment_phone=&#8220;center&#8220; button_alignment_last_edited=&#8220;on|phone&#8220; _builder_version=&#8220;4.7.7&#8243; custom_button=&#8220;on&#8220; button_text_color=&#8220;#ffffff&#8220;][\/et_pb_button][\/et_pb_column][et_pb_column type=&#8220;1_2&#8243; _builder_version=&#8220;4.4.8&#8243;][et_pb_button button_url=&#8220;mailto:info@immobilien-blumenthal.de&#8220; button_text=&#8220;E-Mail senden&#8220; button_alignment=&#8220;left&#8220; button_alignment_tablet=&#8220;&#8220; button_alignment_phone=&#8220;center&#8220; button_alignment_last_edited=&#8220;on|phone&#8220; _builder_version=&#8220;4.7.7&#8243; custom_button=&#8220;on&#8220; button_text_color=&#8220;#ffffff&#8220;][\/et_pb_button][\/et_pb_column][\/et_pb_row][\/et_pb_section][et_pb_section fb_built=&#8220;1&#8243; _builder_version=&#8220;4.4.7&#8243; background_color=&#8220;#4c4c4c&#8220; background_enable_image=&#8220;off&#8220; background_position=&#8220;bottom_center&#8220; custom_padding=&#8220;15px|0px|15px|0px|true|false&#8220;][et_pb_row _builder_version=&#8220;4.4.7&#8243;][et_pb_column type=&#8220;4_4&#8243; _builder_version=&#8220;4.4.7&#8243;][et_pb_text _builder_version=&#8220;4.4.8&#8243; text_font=&#8220;walkway black|300||on|||||&#8220; text_text_color=&#8220;#ffffff&#8220; text_font_size=&#8220;40px&#8220; text_letter_spacing=&#8220;3px&#8220; text_line_height=&#8220;1.1em&#8220; header_font=&#8220;Teko|300||on|||||&#8220; header_text_align=&#8220;center&#8220; header_text_color=&#8220;#ffffff&#8220; header_font_size=&#8220;50px&#8220; header_line_height=&#8220;1.1em&#8220; text_orientation=&#8220;center&#8220; max_width=&#8220;53%&#8220; max_width_tablet=&#8220;&#8220; max_width_phone=&#8220;98%&#8220; max_width_last_edited=&#8220;on|phone&#8220; module_alignment=&#8220;center&#8220; custom_padding=&#8220;1px|||||&#8220;]<\/p>\n<p>Kontakt<\/p>\n<p>[\/et_pb_text][\/et_pb_column][\/et_pb_row][et_pb_row column_structure=&#8220;1_4,1_2,1_4&#8243; _builder_version=&#8220;4.4.8&#8243;][et_pb_column type=&#8220;1_4&#8243; _builder_version=&#8220;4.4.8&#8243;][et_pb_image src=&#8220;http:\/\/wohnen-im-bulli.de\/wp-content\/uploads\/2021\/01\/Blumenthal-Logo-2.png&#8220; title_text=&#8220;Blumenthal-Logo-2&#8243; _builder_version=&#8220;4.7.7&#8243; width_tablet=&#8220;&#8220; width_phone=&#8220;60%&#8220; width_last_edited=&#8220;on|phone&#8220; module_alignment_tablet=&#8220;&#8220; module_alignment_phone=&#8220;center&#8220; module_alignment_last_edited=&#8220;on|phone&#8220;][\/et_pb_image][\/et_pb_column][et_pb_column type=&#8220;1_2&#8243; _builder_version=&#8220;4.4.8&#8243;][et_pb_text _builder_version=&#8220;4.7.7&#8243; text_font=&#8220;walkway black||||||||&#8220; text_text_color=&#8220;#ffffff&#8220; text_font_size=&#8220;22px&#8220; text_letter_spacing=&#8220;2px&#8220; custom_padding=&#8220;|||73px|false|false&#8220;]<\/p>\n<p>Telefon 0521 . 96 78 49 94<\/p>\n<p><a href=\"mailto:info@immobilien-blumenthal.de\"><span style=\"color: #ffffff;\">info@immobilien-blumenthal.de<\/span><\/a><\/p>\n<p>[\/et_pb_text][\/et_pb_column][et_pb_column type=&#8220;1_4&#8243; _builder_version=&#8220;4.4.8&#8243;][et_pb_text _builder_version=&#8220;4.7.7&#8243; text_font=&#8220;walkway black||||||||&#8220; text_text_color=&#8220;#ffffff&#8220; text_letter_spacing=&#8220;3px&#8220; custom_padding=&#8220;4px||0px|||&#8220; text_orientation_tablet=&#8220;&#8220; text_orientation_phone=&#8220;center&#8220; text_orientation_last_edited=&#8220;on|phone&#8220;]<a href=\"https:\/\/immobilien-blumenthal.de\/impressum\/\"><span style=\"color: #ffffff;\"> Impressum<\/span><\/a><\/p>\n<p><a href=\"https:\/\/immobilien-blumenthal.de\/datenschutzerklaerung\/\"><span style=\"color: #ffffff;\">Datenschutz<\/span><\/a>[\/et_pb_text][\/et_pb_column][\/et_pb_row][\/et_pb_section]<\/p>\n","protected":false},"excerpt":{"rendered":"<p>[et_pb_section fb_built=&#8220;1&#8243; custom_padding_last_edited=&#8220;on|phone&#8220; _builder_version=&#8220;4.7.7&#8243; background_color=&#8220;#f1eeed&#8220; custom_margin=&#8220;0px||||false|false&#8220; custom_padding=&#8220;0px||||false|false&#8220; custom_padding_tablet=&#8220;&#8220; custom_padding_phone=&#8220;||10px||false|false&#8220;][et_pb_row _builder_version=&#8220;4.4.8&#8243; positioning=&#8220;none&#8220; z_index=&#8220;500&#8243; custom_margin=&#8220;||||false|false&#8220; custom_padding=&#8220;0px||0px||false|false&#8220;][et_pb_column type=&#8220;4_4&#8243; _builder_version=&#8220;4.4.8&#8243;][et_pb_text _builder_version=&#8220;4.7.7&#8243; text_font=&#8220;walkway black|||on|||||&#8220; text_font_size=&#8220;40px&#8220; text_letter_spacing=&#8220;5px&#8220; background_color=&#8220;#f1eeed&#8220; transform_translate=&#8220;0px|47px&#8220; position_origin_f=&#8220;top_center&#8220; z_index=&#8220;9999999&#8243; text_orientation=&#8220;center&#8220; width=&#8220;36%&#8220; width_tablet=&#8220;&#8220; width_phone=&#8220;90%&#8220; width_last_edited=&#8220;on|phone&#8220; module_alignment=&#8220;center&#8220; custom_margin=&#8220;||||false|false&#8220; custom_padding=&#8220;20px|20px|20px|20px|true|true&#8220; custom_padding_tablet=&#8220;&#8220; custom_padding_phone=&#8220;5px|10px|5px|10px|true|true&#8220; custom_padding_last_edited=&#8220;on|phone&#8220; text_text_color_tablet=&#8220;&#8220; text_text_color_phone=&#8220;#f1eeed&#8220; text_text_color_last_edited=&#8220;on|phone&#8220; text_font_size_tablet=&#8220;&#8220; text_font_size_phone=&#8220;26px&#8220; text_font_size_last_edited=&#8220;on|phone&#8220; background_last_edited=&#8220;on|phone&#8220; background_enable_color_phone=&#8220;off&#8220;] Urlaubsreif? [\/et_pb_text][\/et_pb_column][\/et_pb_row][et_pb_row _builder_version=&#8220;4.4.8&#8243; background_color=&#8220;#98b912&#8243;][et_pb_column type=&#8220;4_4&#8243; _builder_version=&#8220;4.4.8&#8243;][et_pb_image src=&#8220;http:\/\/wohnen-im-bulli.de\/wp-content\/uploads\/2021\/01\/Bulli-Ansicht-1.png&#8220; title_text=&#8220;Bulli Ansicht 1&#8243; align=&#8220;center&#8220; [&hellip;]<\/p>\n","protected":false},"author":1,"featured_media":0,"parent":0,"menu_order":0,"comment_status":"closed","ping_status":"closed","template":"page-template-blank.php","meta":{"_et_pb_use_builder":"on","_et_pb_old_content":"","_et_gb_content_width":""},"_links":{"self":[{"href":"http:\/\/wohnen-im-bulli.de\/index.php?rest_route=\/wp\/v2\/pages\/24285"}],"collection":[{"href":"http:\/\/wohnen-im-bulli.de\/index.php?rest_route=\/wp\/v2\/pages"}],"about":[{"href":"http:\/\/wohnen-im-bulli.de\/index.php?rest_route=\/wp\/v2\/types\/page"}],"author":[{"embeddable":true,"href":"http:\/\/wohnen-im-bulli.de\/index.php?rest_route=\/wp\/v2\/users\/1"}],"replies":[{"embeddable":true,"href":"http:\/\/wohnen-im-bulli.de\/index.php?rest_route=%2Fwp%2Fv2%2Fcomments&post=24285"}],"version-history":[{"count":38,"href":"http:\/\/wohnen-im-bulli.de\/index.php?rest_route=\/wp\/v2\/pages\/24285\/revisions"}],"predecessor-version":[{"id":24367,"href":"http:\/\/wohnen-im-bulli.de\/index.php?rest_route=\/wp\/v2\/pages\/24285\/revisions\/24367"}],"wp:attachment":[{"href":"http:\/\/wohnen-im-bulli.de\/index.php?rest_route=%2Fwp%2Fv2%2Fmedia&parent=24285"}],"curies":[{"name":"wp","href":"https:\/\/api.w.org\/{rel}","templated":true}]}}